{"id":2455,"date":"2025-08-02T11:07:20","date_gmt":"2025-08-02T11:07:20","guid":{"rendered":"https:\/\/qzurbanfurniture.com\/movilidad-y-otros\/"},"modified":"2025-08-05T07:06:31","modified_gmt":"2025-08-05T07:06:31","slug":"movilidad-y-otros","status":"publish","type":"page","link":"https:\/\/qzurbanfurniture.com\/es\/movilidad-y-otros\/","title":{"rendered":"Movilidad y otros"},"content":{"rendered":"\t\t<div data-elementor-type=\"wp-page\" data-elementor-id=\"2455\" class=\"elementor elementor-2455 elementor-2443\" data-elementor-post-type=\"page\">\n\t\t\t\t\t\t<section class=\"elementor-section elementor-top-section elementor-element elementor-element-0edacad elementor-section-height-min-height elementor-section-boxed elementor-section-height-default elementor-section-items-middle\" data-id=\"0edacad\" data-element_type=\"section\" data-settings=\"{&quot;jet_parallax_layout_list&quot;:[]}\">\n\t\t\t\t\t\t<div class=\"elementor-container elementor-column-gap-default\">\n\t\t\t\t\t<div class=\"elementor-column elementor-col-100 elementor-top-column elementor-element elementor-element-0082d58\" data-id=\"0082d58\" data-element_type=\"column\">\n\t\t\t<div class=\"elementor-widget-wrap elementor-element-populated\">\n\t\t\t\t\t\t<div class=\"elementor-element elementor-element-89fe1d2 elementor-invisible elementor-widget elementor-widget-heading\" data-id=\"89fe1d2\" data-element_type=\"widget\" data-settings=\"{&quot;_animation&quot;:&quot;fadeIn&quot;}\" data-widget_type=\"heading.default\">\n\t\t\t\t<div class=\"elementor-widget-container\">\n\t\t\t\t\t<h1 class=\"elementor-heading-title elementor-size-default\">Movilidad y otros\n<\/h1>\t\t\t\t<\/div>\n\t\t\t\t<\/div>\n\t\t\t\t<div class=\"elementor-element elementor-element-d379a12 elementor-hidden-tablet elementor-hidden-mobile elementor-invisible elementor-widget elementor-widget-text-editor\" data-id=\"d379a12\" data-element_type=\"widget\" data-settings=\"{&quot;_animation&quot;:&quot;fadeInUp&quot;,&quot;_animation_delay&quot;:100}\" data-widget_type=\"text-editor.default\">\n\t\t\t\t<div class=\"elementor-widget-container\">\n\t\t\t\t\t\t\t\t\t<p data-start=\"222\" data-end=\"655\">Dise\u00f1amos y adaptamos nuestras soluciones de movilidad para satisfacer las diversas necesidades de los proyectos urbanos contempor\u00e1neos.&nbsp;<\/p>\n<p data-start=\"222\" data-end=\"655\">Las ciudades se conciben cada vez m\u00e1s como espacios para ser vividos y disfrutados -no s\u00f3lo atravesados- y la movilidad desempe\u00f1a un papel central en la consecuci\u00f3n de esta visi\u00f3n. Entre todos los medios de transporte, la bicicleta destaca como una opci\u00f3n sostenible, saludable y pr\u00e1ctica que fomenta un uso del espacio p\u00fablico m\u00e1s centrado en el ser humano. <\/p><p data-start=\"222\" data-end=\"655\">Nuestra gama de productos se desarrolla con esta filosof\u00eda en mente, utilizando diversos materiales -como acero galvanizado o inoxidable, madera tratada, pol\u00edmeros de alto rendimiento y hormig\u00f3n- para garantizar la durabilidad y la integraci\u00f3n est\u00e9tica en distintos entornos. Ya se trate del centro hist\u00f3rico de una ciudad, de un paseo mar\u00edtimo o de un moderno desarrollo urbano, proporcionamos soluciones a medida que armonizan funcionalidad, resistencia y dise\u00f1o. <\/p>\t\t\t\t\t\t\t\t<\/div>\n\t\t\t\t<\/div>\n\t\t\t\t<div class=\"elementor-element elementor-element-d041802 elementor-hidden-desktop elementor-widget elementor-widget-toggle\" data-id=\"d041802\" data-element_type=\"widget\" data-settings=\"{&quot;_animation_mobile&quot;:&quot;fadeInUp&quot;}\" data-widget_type=\"toggle.default\">\n\t\t\t\t<div class=\"elementor-widget-container\">\n\t\t\t\t\t\t\t<div class=\"elementor-toggle\">\n\t\t\t\t\t\t\t<div class=\"elementor-toggle-item\">\n\t\t\t\t\t<div id=\"elementor-tab-title-2181\" class=\"elementor-tab-title\" data-tab=\"1\" role=\"button\" aria-controls=\"elementor-tab-content-2181\" aria-expanded=\"false\">\n\t\t\t\t\t\t\t\t\t\t\t\t<span class=\"elementor-toggle-icon elementor-toggle-icon-left\" aria-hidden=\"true\">\n\t\t\t\t\t\t\t\t\t\t\t\t\t\t\t<span class=\"elementor-toggle-icon-closed\"><i class=\"fas fa-caret-right\"><\/i><\/span>\n\t\t\t\t\t\t\t\t<span class=\"elementor-toggle-icon-opened\"><i class=\"elementor-toggle-icon-opened fas fa-caret-up\"><\/i><\/span>\n\t\t\t\t\t\t\t\t\t\t\t\t\t<\/span>\n\t\t\t\t\t\t\t\t\t\t\t\t<a class=\"elementor-toggle-title\" tabindex=\"0\">QZ Mobiliario Urbano Movilidad y otros (ver m\u00e1s)<\/a>\n\t\t\t\t\t<\/div>\n\n\t\t\t\t\t<div id=\"elementor-tab-content-2181\" class=\"elementor-tab-content elementor-clearfix\" data-tab=\"1\" role=\"region\" aria-labelledby=\"elementor-tab-title-2181\"><p style=\"color: #6b7280; text-align: justify;\" data-start=\"222\" data-end=\"655\">Dise\u00f1amos y adaptamos nuestras soluciones de movilidad para satisfacer las diversas necesidades de los proyectos urbanos contempor\u00e1neos. Las ciudades se conciben cada vez m\u00e1s como espacios para ser vividos y disfrutados -no s\u00f3lo recorridos- y la movilidad desempe\u00f1a un papel central en la consecuci\u00f3n de esta visi\u00f3n. Entre todos los medios de transporte, la bicicleta destaca como una opci\u00f3n sostenible, saludable y pr\u00e1ctica que fomenta un uso del espacio p\u00fablico m\u00e1s centrado en el ser humano.  <\/p>\n<p style=\"color: #6b7280; text-align: justify;\">\n<p style=\"color: #6b7280; text-align: justify;\" data-start=\"657\" data-end=\"1092\">Nuestra gama de productos se desarrolla con esta filosof\u00eda en mente, utilizando diversos materiales -como acero galvanizado o inoxidable, madera tratada, pol\u00edmeros de alto rendimiento y hormig\u00f3n- para garantizar la durabilidad y la integraci\u00f3n est\u00e9tica en distintos entornos. Ya se trate del centro hist\u00f3rico de una ciudad, de un paseo mar\u00edtimo o de un moderno desarrollo urbano, proporcionamos soluciones a medida que armonizan funcionalidad, resistencia y dise\u00f1o. <\/p>\n<\/div>\n\t\t\t\t<\/div>\n\t\t\t\t\t\t\t\t<\/div>\n\t\t\t\t\t\t<\/div>\n\t\t\t\t<\/div>\n\t\t\t\t\t<\/div>\n\t\t<\/div>\n\t\t\t\t\t<\/div>\n\t\t<\/section>\n\t\t\t\t<section class=\"elementor-section elementor-top-section elementor-element elementor-element-255221d elementor-section-boxed elementor-section-height-default elementor-section-height-default\" data-id=\"255221d\" data-element_type=\"section\" data-settings=\"{&quot;jet_parallax_layout_list&quot;:[]}\">\n\t\t\t\t\t\t<div class=\"elementor-container elementor-column-gap-default\">\n\t\t\t\t\t<div class=\"elementor-column elementor-col-100 elementor-top-column elementor-element elementor-element-0701cb6\" data-id=\"0701cb6\" data-element_type=\"column\">\n\t\t\t<div class=\"elementor-widget-wrap elementor-element-populated\">\n\t\t\t\t\t\t<div class=\"elementor-element elementor-element-ef2486d elementor-invisible elementor-widget elementor-widget-heading\" data-id=\"ef2486d\" data-element_type=\"widget\" data-settings=\"{&quot;_animation&quot;:&quot;fadeIn&quot;,&quot;_animation_delay&quot;:100}\" data-widget_type=\"heading.default\">\n\t\t\t\t<div class=\"elementor-widget-container\">\n\t\t\t\t\t<h2 class=\"elementor-heading-title elementor-size-default\">Nuestras colecciones<\/h2>\t\t\t\t<\/div>\n\t\t\t\t<\/div>\n\t\t\t\t<div class=\"elementor-element elementor-element-32e3182 animated-slow elementor-invisible elementor-widget elementor-widget-jet-tabs\" data-id=\"32e3182\" data-element_type=\"widget\" data-settings=\"{&quot;_animation&quot;:&quot;fadeIn&quot;,&quot;_animation_delay&quot;:400,&quot;tabs_position&quot;:&quot;top&quot;,&quot;no_active_tabs&quot;:&quot;false&quot;}\" data-widget_type=\"jet-tabs.default\">\n\t\t\t\t<div class=\"elementor-widget-container\">\n\t\t\t\t\t\n\t\t<div class=\"jet-tabs jet-tabs-position-top jet-tabs-fade-effect \" data-settings=\"{&quot;activeIndex&quot;:0,&quot;event&quot;:&quot;click&quot;,&quot;autoSwitch&quot;:false,&quot;autoSwitchDelay&quot;:3000,&quot;ajaxTemplate&quot;:false,&quot;tabsPosition&quot;:&quot;top&quot;,&quot;switchScrolling&quot;:false,&quot;switchScrollingOffset&quot;:0}\">\n\t\t\t<div class=\"jet-tabs__control-wrapper \" role=\"tablist\">\n                                    <div id=\"jet-tabs-control-5331\" class=\"jet-tabs__control jet-tabs__control-icon-left elementor-menu-anchor active-tab \" data-tab=\"1\" tabindex=\"0\" role=\"tab\" aria-controls=\"jet-tabs-content-5331\" aria-expanded=\"true\" data-template-id=\"2426\"><div class=\"jet-tabs__control-inner\"><div class=\"jet-tabs__label-text\">Movilidad y otros<\/div><\/div><\/div>\n                    \t\t\t    <\/div>\n\t\t\t<div class=\"jet-tabs__content-wrapper\">\n\t\t\t\t<div id=\"jet-tabs-content-5331\" class=\"jet-tabs__content active-content\" data-tab=\"1\" role=\"tabpanel\" aria-hidden=\"false\" data-template-id=\"2426\">\t\t<div data-elementor-type=\"page\" data-elementor-id=\"2426\" class=\"elementor elementor-2426\" data-elementor-post-type=\"elementor_library\">\n\t\t\t\t\t\t<section class=\"elementor-section elementor-top-section elementor-element elementor-element-375b6f49 elementor-section-boxed elementor-section-height-default elementor-section-height-default\" data-id=\"375b6f49\" data-element_type=\"section\" data-settings=\"{&quot;jet_parallax_layout_list&quot;:[]}\">\n\t\t\t\t\t\t<div class=\"elementor-container elementor-column-gap-default\">\n\t\t\t\t\t<div class=\"elementor-column elementor-col-100 elementor-top-column elementor-element elementor-element-263c27e4\" data-id=\"263c27e4\" data-element_type=\"column\">\n\t\t\t<div class=\"elementor-widget-wrap elementor-element-populated\">\n\t\t\t\t\t\t<div class=\"elementor-element elementor-element-71c78ff elementor-widget elementor-widget-jet-blog-smart-tiles\" data-id=\"71c78ff\" data-element_type=\"widget\" data-widget_type=\"jet-blog-smart-tiles.default\">\n\t\t\t\t<div class=\"elementor-widget-container\">\n\t\t\t\t\t<div class=\"elementor-jet-blog-smart-tiles jet-blog\"><div class=\"jet-smart-tiles-wrap jet-smart-tiles-carousel\" data-slider-atts='{\"adaptiveHeight\":true,\"arrows\":true,\"prevArrow\":\"<i class=\\\"jet-arrow-prev jet-blog-arrow\\\"><svg width=\\\"24\\\" height=\\\"24\\\" viewBox=\\\"0 0 24 24\\\" fill=\\\"none\\\" xmlns=\\\"http:\\\/\\\/www.w3.org\\\/2000\\\/svg\\\"><path d=\\\"M14.625 5.3999L16.3 7.0749L11.35 12.0249L16.3 16.9749L14.625 18.6499L7.99999 12.0249L14.625 5.3999Z\\\" fill=\\\"#0F172A\\\"\\\/><\\\/svg><\\\/i>\",\"nextArrow\":\"<i class=\\\"jet-arrow-next jet-blog-arrow\\\"><svg width=\\\"24\\\" height=\\\"24\\\" viewBox=\\\"0 0 24 24\\\" fill=\\\"none\\\" xmlns=\\\"http:\\\/\\\/www.w3.org\\\/2000\\\/svg\\\"><path d=\\\"M9.37501 18.6001L7.70001 16.9251L12.65 11.9751L7.70001 7.0251L9.37501 5.3501L16 11.9751L9.37501 18.6001Z\\\" fill=\\\"#0F172A\\\"\\\/><\\\/svg><\\\/i>\",\"autoplay\":false,\"autoplaySpeed\":5000,\"rtl\":false}' dir=\"ltr\"><div class=\"jet-smart-tiles-slide\"><div class=\"jet-smart-tiles-slide__wrap layout-3-x rows-3\" ><div class=\"jet-smart-tiles\">\n\t<div class=\"jet-smart-tiles__box\" style=\"background-image:url('https:\/\/qzurbanfurniture.com\/wp-content\/uploads\/2025\/08\/Aparcabicis-Q-mobility.jpg')\">\n\t\t\t\t<div class=\"jet-smart-tiles__box-content\">\n\t\t\t<div class=\"jet-smart-tiles__box-content-inner\">\n\t\t\t\t\t\t\t\t\t\t\t\t<div class=\"jet-smart-tiles__box-title\">Q Aparca bicicletas<\/div>\t\t\t\t\t\t\t\t\t\t\t\t\t\t\t\t\t\t\t<\/div>\n\t\t<\/div>\n\t\t<a href=\"https:\/\/qzurbanfurniture.com\/es\/q-aparcabicicletas\/\" class=\"jet-smart-tiles__box-link\" aria-label=\"Q Aparca bicicletas\"><\/a>\n\t<\/div>\n<\/div><div class=\"jet-smart-tiles\">\n\t<div class=\"jet-smart-tiles__box\" style=\"background-image:url('https:\/\/qzurbanfurniture.com\/wp-content\/uploads\/2025\/08\/Aparcabicis-HEX-mobility.jpg')\">\n\t\t\t\t<div class=\"jet-smart-tiles__box-content\">\n\t\t\t<div class=\"jet-smart-tiles__box-content-inner\">\n\t\t\t\t\t\t\t\t\t\t\t\t<div class=\"jet-smart-tiles__box-title\">Portabicicletas hexagonal<\/div>\t\t\t\t\t\t\t\t\t\t\t\t\t\t\t\t\t\t\t<\/div>\n\t\t<\/div>\n\t\t<a href=\"https:\/\/qzurbanfurniture.com\/es\/portabicicletas-hexagonal\/\" class=\"jet-smart-tiles__box-link\" aria-label=\"Portabicicletas hexagonal\"><\/a>\n\t<\/div>\n<\/div><div class=\"jet-smart-tiles\">\n\t<div class=\"jet-smart-tiles__box\" style=\"background-image:url('https:\/\/qzurbanfurniture.com\/wp-content\/uploads\/2025\/08\/Aparcabicis-REX-mobility.jpg')\">\n\t\t\t\t<div class=\"jet-smart-tiles__box-content\">\n\t\t\t<div class=\"jet-smart-tiles__box-content-inner\">\n\t\t\t\t\t\t\t\t\t\t\t\t<div class=\"jet-smart-tiles__box-title\">Aparcabicicletas Rex<\/div>\t\t\t\t\t\t\t\t\t\t\t\t\t\t\t\t\t\t\t<\/div>\n\t\t<\/div>\n\t\t<a href=\"https:\/\/qzurbanfurniture.com\/es\/aparcabicicletas-rex\/\" class=\"jet-smart-tiles__box-link\" aria-label=\"Aparcabicicletas Rex\"><\/a>\n\t<\/div>\n<\/div><div class=\"jet-smart-tiles\">\n\t<div class=\"jet-smart-tiles__box\" style=\"background-image:url('https:\/\/qzurbanfurniture.com\/wp-content\/uploads\/2025\/08\/Aparcabicis-WALL-mobility.jpg')\">\n\t\t\t\t<div class=\"jet-smart-tiles__box-content\">\n\t\t\t<div class=\"jet-smart-tiles__box-content-inner\">\n\t\t\t\t\t\t\t\t\t\t\t\t<div class=\"jet-smart-tiles__box-title\">Aparcabicicletas de pared<\/div>\t\t\t\t\t\t\t\t\t\t\t\t\t\t\t\t\t\t\t<\/div>\n\t\t<\/div>\n\t\t<a href=\"https:\/\/qzurbanfurniture.com\/es\/aparcabicicletas-de-pared\/\" class=\"jet-smart-tiles__box-link\" aria-label=\"Aparcabicicletas de pared\"><\/a>\n\t<\/div>\n<\/div><\/div><\/div><\/div><\/div>\t\t\t\t<\/div>\n\t\t\t\t<\/div>\n\t\t\t\t\t<\/div>\n\t\t<\/div>\n\t\t\t\t\t<\/div>\n\t\t<\/section>\n\t\t\t\t<\/div>\n\t\t<\/div>\t\t\t<\/div>\n\t\t\t\t\t<\/div>\n\t\t\t\t\t\t<\/div>\n\t\t\t\t<\/div>\n\t\t\t\t\t<\/div>\n\t\t<\/div>\n\t\t\t\t\t<\/div>\n\t\t<\/section>\n\t\t\t\t<\/div>\n\t\t","protected":false},"excerpt":{"rendered":"<p>Movilidad y otros Dise\u00f1amos y adaptamos nuestras soluciones de movilidad para satisfacer las diversas necesidades de los proyectos urbanos contempor\u00e1neos.&nbsp; Las ciudades se conciben cada vez m\u00e1s como espacios para ser vividos y disfrutados -no s\u00f3lo atravesados- y la movilidad desempe\u00f1a un papel central en la consecuci\u00f3n de esta visi\u00f3n. Entre todos los medios de [&hellip;]<\/p>\n","protected":false},"author":1,"featured_media":0,"parent":0,"menu_order":0,"comment_status":"closed","ping_status":"closed","template":"","meta":{"footnotes":""},"class_list":["post-2455","page","type-page","status-publish","hentry"],"yoast_head":"<!-- This site is optimized with the Yoast SEO plugin v25.6 - https:\/\/yoast.com\/wordpress\/plugins\/seo\/ -->\n<title>Movilidad y otros - QZ Urban Furniture<\/title>\n<meta name=\"description\" content=\"Descubre nuestra Movilidad urbana, donde el dise\u00f1o innovador se une a la funcionalidad. \u00a1Dise\u00f1o moderno construido para realzar con elegancia cualquier espacio urbano!\" \/>\n<meta name=\"robots\" content=\"index, follow, max-snippet:-1, max-image-preview:large, max-video-preview:-1\" \/>\n<link rel=\"canonical\" href=\"https:\/\/qzurbanfurniture.com\/es\/movilidad-y-otros\/\" \/>\n<meta property=\"og:locale\" content=\"es_ES\" \/>\n<meta property=\"og:type\" content=\"article\" \/>\n<meta property=\"og:title\" content=\"Movilidad y otros - QZ Urban Furniture\" \/>\n<meta property=\"og:description\" content=\"Descubre nuestra Movilidad urbana, donde el dise\u00f1o innovador se une a la funcionalidad. \u00a1Dise\u00f1o moderno construido para realzar con elegancia cualquier espacio urbano!\" \/>\n<meta property=\"og:url\" content=\"https:\/\/qzurbanfurniture.com\/es\/movilidad-y-otros\/\" \/>\n<meta property=\"og:site_name\" content=\"QZ Urban Furniture\" \/>\n<meta property=\"article:modified_time\" content=\"2025-08-05T07:06:31+00:00\" \/>\n<meta name=\"twitter:card\" content=\"summary_large_image\" \/>\n<meta name=\"twitter:label1\" content=\"Tiempo de lectura\" \/>\n\t<meta name=\"twitter:data1\" content=\"2 minutos\" \/>\n<script type=\"application\/ld+json\" class=\"yoast-schema-graph\">{\"@context\":\"https:\/\/schema.org\",\"@graph\":[{\"@type\":\"WebPage\",\"@id\":\"https:\/\/qzurbanfurniture.com\/es\/movilidad-y-otros\/\",\"url\":\"https:\/\/qzurbanfurniture.com\/es\/movilidad-y-otros\/\",\"name\":\"Movilidad y otros - QZ Urban Furniture\",\"isPartOf\":{\"@id\":\"https:\/\/qzurbanfurniture.com\/es\/#website\"},\"datePublished\":\"2025-08-02T11:07:20+00:00\",\"dateModified\":\"2025-08-05T07:06:31+00:00\",\"description\":\"Descubre nuestra Movilidad urbana, donde el dise\u00f1o innovador se une a la funcionalidad. \u00a1Dise\u00f1o moderno construido para realzar con elegancia cualquier espacio urbano!\",\"breadcrumb\":{\"@id\":\"https:\/\/qzurbanfurniture.com\/es\/movilidad-y-otros\/#breadcrumb\"},\"inLanguage\":\"es\",\"potentialAction\":[{\"@type\":\"ReadAction\",\"target\":[\"https:\/\/qzurbanfurniture.com\/es\/movilidad-y-otros\/\"]}]},{\"@type\":\"BreadcrumbList\",\"@id\":\"https:\/\/qzurbanfurniture.com\/es\/movilidad-y-otros\/#breadcrumb\",\"itemListElement\":[{\"@type\":\"ListItem\",\"position\":1,\"name\":\"Home\",\"item\":\"https:\/\/qzurbanfurniture.com\/es\/qz-urban-furniture\/\"},{\"@type\":\"ListItem\",\"position\":2,\"name\":\"Movilidad y otros\"}]},{\"@type\":\"WebSite\",\"@id\":\"https:\/\/qzurbanfurniture.com\/es\/#website\",\"url\":\"https:\/\/qzurbanfurniture.com\/es\/\",\"name\":\"QZ Urban Furniture\",\"description\":\"High level design elements\",\"publisher\":{\"@id\":\"https:\/\/qzurbanfurniture.com\/es\/#organization\"},\"potentialAction\":[{\"@type\":\"SearchAction\",\"target\":{\"@type\":\"EntryPoint\",\"urlTemplate\":\"https:\/\/qzurbanfurniture.com\/es\/?s={search_term_string}\"},\"query-input\":{\"@type\":\"PropertyValueSpecification\",\"valueRequired\":true,\"valueName\":\"search_term_string\"}}],\"inLanguage\":\"es\"},{\"@type\":\"Organization\",\"@id\":\"https:\/\/qzurbanfurniture.com\/es\/#organization\",\"name\":\"QZ Urban Furniture\",\"url\":\"https:\/\/qzurbanfurniture.com\/es\/\",\"logo\":{\"@type\":\"ImageObject\",\"inLanguage\":\"es\",\"@id\":\"https:\/\/qzurbanfurniture.com\/es\/#\/schema\/logo\/image\/\",\"url\":\"https:\/\/qzurbanfurniture.com\/wp-content\/uploads\/2024\/07\/Logo-QZ-sin-fondo-en-negro.png\",\"contentUrl\":\"https:\/\/qzurbanfurniture.com\/wp-content\/uploads\/2024\/07\/Logo-QZ-sin-fondo-en-negro.png\",\"width\":425,\"height\":354,\"caption\":\"QZ Urban Furniture\"},\"image\":{\"@id\":\"https:\/\/qzurbanfurniture.com\/es\/#\/schema\/logo\/image\/\"}}]}<\/script>\n<!-- \/ Yoast SEO plugin. -->","yoast_head_json":{"title":"Movilidad y otros - QZ Urban Furniture","description":"Descubre nuestra Movilidad urbana, donde el dise\u00f1o innovador se une a la funcionalidad. \u00a1Dise\u00f1o moderno construido para realzar con elegancia cualquier espacio urbano!","robots":{"index":"index","follow":"follow","max-snippet":"max-snippet:-1","max-image-preview":"max-image-preview:large","max-video-preview":"max-video-preview:-1"},"canonical":"https:\/\/qzurbanfurniture.com\/es\/movilidad-y-otros\/","og_locale":"es_ES","og_type":"article","og_title":"Movilidad y otros - QZ Urban Furniture","og_description":"Descubre nuestra Movilidad urbana, donde el dise\u00f1o innovador se une a la funcionalidad. \u00a1Dise\u00f1o moderno construido para realzar con elegancia cualquier espacio urbano!","og_url":"https:\/\/qzurbanfurniture.com\/es\/movilidad-y-otros\/","og_site_name":"QZ Urban Furniture","article_modified_time":"2025-08-05T07:06:31+00:00","twitter_card":"summary_large_image","twitter_misc":{"Tiempo de lectura":"2 minutos"},"schema":{"@context":"https:\/\/schema.org","@graph":[{"@type":"WebPage","@id":"https:\/\/qzurbanfurniture.com\/es\/movilidad-y-otros\/","url":"https:\/\/qzurbanfurniture.com\/es\/movilidad-y-otros\/","name":"Movilidad y otros - QZ Urban Furniture","isPartOf":{"@id":"https:\/\/qzurbanfurniture.com\/es\/#website"},"datePublished":"2025-08-02T11:07:20+00:00","dateModified":"2025-08-05T07:06:31+00:00","description":"Descubre nuestra Movilidad urbana, donde el dise\u00f1o innovador se une a la funcionalidad. \u00a1Dise\u00f1o moderno construido para realzar con elegancia cualquier espacio urbano!","breadcrumb":{"@id":"https:\/\/qzurbanfurniture.com\/es\/movilidad-y-otros\/#breadcrumb"},"inLanguage":"es","potentialAction":[{"@type":"ReadAction","target":["https:\/\/qzurbanfurniture.com\/es\/movilidad-y-otros\/"]}]},{"@type":"BreadcrumbList","@id":"https:\/\/qzurbanfurniture.com\/es\/movilidad-y-otros\/#breadcrumb","itemListElement":[{"@type":"ListItem","position":1,"name":"Home","item":"https:\/\/qzurbanfurniture.com\/es\/qz-urban-furniture\/"},{"@type":"ListItem","position":2,"name":"Movilidad y otros"}]},{"@type":"WebSite","@id":"https:\/\/qzurbanfurniture.com\/es\/#website","url":"https:\/\/qzurbanfurniture.com\/es\/","name":"QZ Urban Furniture","description":"High level design elements","publisher":{"@id":"https:\/\/qzurbanfurniture.com\/es\/#organization"},"potentialAction":[{"@type":"SearchAction","target":{"@type":"EntryPoint","urlTemplate":"https:\/\/qzurbanfurniture.com\/es\/?s={search_term_string}"},"query-input":{"@type":"PropertyValueSpecification","valueRequired":true,"valueName":"search_term_string"}}],"inLanguage":"es"},{"@type":"Organization","@id":"https:\/\/qzurbanfurniture.com\/es\/#organization","name":"QZ Urban Furniture","url":"https:\/\/qzurbanfurniture.com\/es\/","logo":{"@type":"ImageObject","inLanguage":"es","@id":"https:\/\/qzurbanfurniture.com\/es\/#\/schema\/logo\/image\/","url":"https:\/\/qzurbanfurniture.com\/wp-content\/uploads\/2024\/07\/Logo-QZ-sin-fondo-en-negro.png","contentUrl":"https:\/\/qzurbanfurniture.com\/wp-content\/uploads\/2024\/07\/Logo-QZ-sin-fondo-en-negro.png","width":425,"height":354,"caption":"QZ Urban Furniture"},"image":{"@id":"https:\/\/qzurbanfurniture.com\/es\/#\/schema\/logo\/image\/"}}]}},"_links":{"self":[{"href":"https:\/\/qzurbanfurniture.com\/es\/wp-json\/wp\/v2\/pages\/2455"}],"collection":[{"href":"https:\/\/qzurbanfurniture.com\/es\/wp-json\/wp\/v2\/pages"}],"about":[{"href":"https:\/\/qzurbanfurniture.com\/es\/wp-json\/wp\/v2\/types\/page"}],"author":[{"embeddable":true,"href":"https:\/\/qzurbanfurniture.com\/es\/wp-json\/wp\/v2\/users\/1"}],"replies":[{"embeddable":true,"href":"https:\/\/qzurbanfurniture.com\/es\/wp-json\/wp\/v2\/comments?post=2455"}],"version-history":[{"count":2,"href":"https:\/\/qzurbanfurniture.com\/es\/wp-json\/wp\/v2\/pages\/2455\/revisions"}],"predecessor-version":[{"id":2632,"href":"https:\/\/qzurbanfurniture.com\/es\/wp-json\/wp\/v2\/pages\/2455\/revisions\/2632"}],"wp:attachment":[{"href":"https:\/\/qzurbanfurniture.com\/es\/wp-json\/wp\/v2\/media?parent=2455"}],"curies":[{"name":"wp","href":"https:\/\/api.w.org\/{rel}","templated":true}]}}