{"id":1582,"date":"2024-07-23T12:04:27","date_gmt":"2024-07-23T12:04:27","guid":{"rendered":"https:\/\/qzurbanfurniture.com\/contacto\/"},"modified":"2025-02-11T11:32:40","modified_gmt":"2025-02-11T11:32:40","slug":"contacto","status":"publish","type":"page","link":"https:\/\/qzurbanfurniture.com\/es\/contacto\/","title":{"rendered":"Contacto"},"content":{"rendered":"\t\t<div data-elementor-type=\"wp-page\" data-elementor-id=\"1582\" class=\"elementor elementor-1582 elementor-83\" data-elementor-post-type=\"page\">\n\t\t\t\t\t\t<section class=\"elementor-section elementor-top-section elementor-element elementor-element-9db3765 elementor-section-height-min-height elementor-section-boxed elementor-section-height-default elementor-section-items-middle\" data-id=\"9db3765\" data-element_type=\"section\" data-settings=\"{&quot;jet_parallax_layout_list&quot;:[]}\">\n\t\t\t\t\t\t<div class=\"elementor-container elementor-column-gap-default\">\n\t\t\t\t\t<div class=\"elementor-column elementor-col-100 elementor-top-column elementor-element elementor-element-a85fe18\" data-id=\"a85fe18\" data-element_type=\"column\">\n\t\t\t<div class=\"elementor-widget-wrap elementor-element-populated\">\n\t\t\t\t\t\t<div class=\"elementor-element elementor-element-1aa28a9 elementor-invisible elementor-widget elementor-widget-heading\" data-id=\"1aa28a9\" data-element_type=\"widget\" data-settings=\"{&quot;_animation&quot;:&quot;fadeIn&quot;}\" data-widget_type=\"heading.default\">\n\t\t\t\t<div class=\"elementor-widget-container\">\n\t\t\t\t\t<h1 class=\"elementor-heading-title elementor-size-default\">Contacta con nosotros\n<\/h1>\t\t\t\t<\/div>\n\t\t\t\t<\/div>\n\t\t\t\t<div class=\"elementor-element elementor-element-b49e457 elementor-hidden-tablet elementor-hidden-mobile elementor-invisible elementor-widget elementor-widget-text-editor\" data-id=\"b49e457\" data-element_type=\"widget\" data-settings=\"{&quot;_animation&quot;:&quot;fadeInRight&quot;,&quot;_animation_delay&quot;:100}\" data-widget_type=\"text-editor.default\">\n\t\t\t\t<div class=\"elementor-widget-container\">\n\t\t\t\t\t\t\t\t\t<p>En QZ, nos apasiona el dise\u00f1o innovador y funcional que transforma los espacios urbanos en experiencias \u00fanicas. Desde bancos y p\u00e9rgolas, hasta esculturas y elementos decorativos, cada pieza que creamos fusiona arte y funcionalidad para mejorar tu entorno urbano. Estamos aqu\u00ed para ayudarte a llevar tus ideas de la concepci\u00f3n a la realidad. \u00bfTienes alguna pregunta, idea o proyecto en mente? No dudes en ponerte en contacto con nosotros. Estamos dispuestos a colaborar contigo y dar vida a tu visi\u00f3n. \u00a1D\u00e9janos formar parte de tu pr\u00f3ximo proyecto de mobiliario urbano! Ponte en contacto con nosotros hoy mismo y descubre c\u00f3mo podemos transformar tu espacio.       <\/p>\n\t\t\t\t\t\t\t\t<\/div>\n\t\t\t\t<\/div>\n\t\t\t\t<div class=\"elementor-element elementor-element-654f650 elementor-hidden-desktop elementor-widget elementor-widget-toggle\" data-id=\"654f650\" data-element_type=\"widget\" data-settings=\"{&quot;_animation_mobile&quot;:&quot;fadeInUp&quot;}\" data-widget_type=\"toggle.default\">\n\t\t\t\t<div class=\"elementor-widget-container\">\n\t\t\t\t\t\t\t<div class=\"elementor-toggle\">\n\t\t\t\t\t\t\t<div class=\"elementor-toggle-item\">\n\t\t\t\t\t<h2 id=\"elementor-tab-title-1061\" class=\"elementor-tab-title\" data-tab=\"1\" role=\"button\" aria-controls=\"elementor-tab-content-1061\" aria-expanded=\"false\">\n\t\t\t\t\t\t\t\t\t\t\t\t<span class=\"elementor-toggle-icon elementor-toggle-icon-left\" aria-hidden=\"true\">\n\t\t\t\t\t\t\t\t\t\t\t\t\t\t\t<span class=\"elementor-toggle-icon-closed\"><i class=\"fas fa-caret-right\"><\/i><\/span>\n\t\t\t\t\t\t\t\t<span class=\"elementor-toggle-icon-opened\"><i class=\"elementor-toggle-icon-opened fas fa-caret-up\"><\/i><\/span>\n\t\t\t\t\t\t\t\t\t\t\t\t\t<\/span>\n\t\t\t\t\t\t\t\t\t\t\t\t<a class=\"elementor-toggle-title\" tabindex=\"0\">En QZ, nos apasiona crear experiencias \u00fanicas. \u00a1D\u00e9janos formar parte de tu pr\u00f3ximo proyecto de mobiliario! (ver m\u00e1s)  <\/a>\n\t\t\t\t\t<\/h2>\n\n\t\t\t\t\t<div id=\"elementor-tab-content-1061\" class=\"elementor-tab-content elementor-clearfix\" data-tab=\"1\" role=\"region\" aria-labelledby=\"elementor-tab-title-1061\"><p>En QZ, nos apasiona el dise\u00f1o innovador y funcional que transforma los espacios urbanos en experiencias \u00fanicas. Desde bancos y p\u00e9rgolas, hasta esculturas y elementos decorativos, cada pieza que creamos fusiona arte y funcionalidad para mejorar tu entorno urbano. Estamos aqu\u00ed para ayudarte a llevar tus ideas de la concepci\u00f3n a la realidad. \u00bfTienes alguna pregunta, idea o proyecto en mente? No dudes en ponerte en contacto con nosotros. Estamos dispuestos a colaborar contigo y dar vida a tu visi\u00f3n. \u00a1D\u00e9janos formar parte de tu pr\u00f3ximo proyecto de mobiliario urbano! Ponte en contacto con nosotros hoy mismo y descubre c\u00f3mo podemos transformar tu espacio.       <\/p>\n<\/div>\n\t\t\t\t<\/div>\n\t\t\t\t\t\t\t\t<\/div>\n\t\t\t\t\t\t<\/div>\n\t\t\t\t<\/div>\n\t\t\t\t\t<\/div>\n\t\t<\/div>\n\t\t\t\t\t<\/div>\n\t\t<\/section>\n\t\t\t\t<section class=\"elementor-section elementor-top-section elementor-element elementor-element-b391f72 elementor-section-boxed elementor-section-height-default elementor-section-height-default\" data-id=\"b391f72\" data-element_type=\"section\" data-settings=\"{&quot;jet_parallax_layout_list&quot;:[],&quot;background_background&quot;:&quot;classic&quot;}\">\n\t\t\t\t\t\t\t<div class=\"elementor-background-overlay\"><\/div>\n\t\t\t\t\t\t\t<div class=\"elementor-container elementor-column-gap-default\">\n\t\t\t\t\t<div class=\"elementor-column elementor-col-100 elementor-top-column elementor-element elementor-element-e3b6dbf\" data-id=\"e3b6dbf\" data-element_type=\"column\">\n\t\t\t<div class=\"elementor-widget-wrap elementor-element-populated\">\n\t\t\t\t\t\t<div class=\"elementor-element elementor-element-a7eae19 elementor-invisible elementor-widget elementor-widget-heading\" data-id=\"a7eae19\" data-element_type=\"widget\" data-settings=\"{&quot;_animation&quot;:&quot;fadeIn&quot;}\" data-widget_type=\"heading.default\">\n\t\t\t\t<div class=\"elementor-widget-container\">\n\t\t\t\t\t<h2 class=\"elementor-heading-title elementor-size-default\">Quiero saber m\u00e1s sobre QZ Mobiliario Urbano\n<\/h2>\t\t\t\t<\/div>\n\t\t\t\t<\/div>\n\t\t\t\t<div class=\"elementor-element elementor-element-c630727 elementor-button-align-center elementor-widget__width-initial elementor-invisible elementor-widget elementor-widget-form\" data-id=\"c630727\" data-element_type=\"widget\" data-settings=\"{&quot;button_width_tablet&quot;:&quot;60&quot;,&quot;step_next_label&quot;:&quot;Next&quot;,&quot;step_previous_label&quot;:&quot;Previous&quot;,&quot;_animation&quot;:&quot;fadeInRight&quot;,&quot;button_width&quot;:&quot;100&quot;,&quot;step_type&quot;:&quot;number_text&quot;,&quot;step_icon_shape&quot;:&quot;circle&quot;}\" data-widget_type=\"form.default\">\n\t\t\t\t<div class=\"elementor-widget-container\">\n\t\t\t\t\t\t\t<form class=\"elementor-form\" method=\"post\" name=\"New Form\" aria-label=\"New Form\">\n\t\t\t<input type=\"hidden\" name=\"post_id\" value=\"1582\"\/>\n\t\t\t<input type=\"hidden\" name=\"form_id\" value=\"c630727\"\/>\n\t\t\t<input type=\"hidden\" name=\"referer_title\" value=\"QZ Urban Furniture\" \/>\n\n\t\t\t\n\t\t\t<div class=\"elementor-form-fields-wrapper elementor-labels-\">\n\t\t\t\t\t\t\t\t<div class=\"elementor-field-type-text elementor-field-group elementor-column elementor-field-group-name elementor-col-100 elementor-field-required\">\n\t\t\t\t\t\t\t\t\t\t\t\t<label for=\"form-field-name\" class=\"elementor-field-label elementor-screen-only\">\n\t\t\t\t\t\t\t\tNombre\t\t\t\t\t\t\t<\/label>\n\t\t\t\t\t\t\t\t\t\t\t\t\t\t<input size=\"1\" type=\"text\" name=\"form_fields[name]\" id=\"form-field-name\" class=\"elementor-field elementor-size-sm  elementor-field-textual\" placeholder=\"Nombre\" required=\"required\">\n\t\t\t\t\t\t\t\t\t\t\t<\/div>\n\t\t\t\t\t\t\t\t<div class=\"elementor-field-type-email elementor-field-group elementor-column elementor-field-group-email elementor-col-100 elementor-field-required\">\n\t\t\t\t\t\t\t\t\t\t\t\t<label for=\"form-field-email\" class=\"elementor-field-label elementor-screen-only\">\n\t\t\t\t\t\t\t\tCorreo electr\u00f3nico\t\t\t\t\t\t\t<\/label>\n\t\t\t\t\t\t\t\t\t\t\t\t\t\t<input size=\"1\" type=\"email\" name=\"form_fields[email]\" id=\"form-field-email\" class=\"elementor-field elementor-size-sm  elementor-field-textual\" placeholder=\"Correo electr\u00f3nico\" required=\"required\">\n\t\t\t\t\t\t\t\t\t\t\t<\/div>\n\t\t\t\t\t\t\t\t<div class=\"elementor-field-type-text elementor-field-group elementor-column elementor-field-group-3e2fbe9 elementor-col-100 elementor-field-required\">\n\t\t\t\t\t\t\t\t\t\t\t\t<label for=\"form-field-3e2fbe9\" class=\"elementor-field-label elementor-screen-only\">\n\t\t\t\t\t\t\t\tEmpresa\t\t\t\t\t\t\t<\/label>\n\t\t\t\t\t\t\t\t\t\t\t\t\t\t<input size=\"1\" type=\"text\" name=\"form_fields[3e2fbe9]\" id=\"form-field-3e2fbe9\" class=\"elementor-field elementor-size-sm  elementor-field-textual\" placeholder=\"Empresa\" required=\"required\">\n\t\t\t\t\t\t\t\t\t\t\t<\/div>\n\t\t\t\t\t\t\t\t<div class=\"elementor-field-type-text elementor-field-group elementor-column elementor-field-group-d8a3748 elementor-col-50\">\n\t\t\t\t\t\t\t\t\t\t\t\t<label for=\"form-field-d8a3748\" class=\"elementor-field-label elementor-screen-only\">\n\t\t\t\t\t\t\t\tPa\u00eds\t\t\t\t\t\t\t<\/label>\n\t\t\t\t\t\t\t\t\t\t\t\t\t\t<input size=\"1\" type=\"text\" name=\"form_fields[d8a3748]\" id=\"form-field-d8a3748\" class=\"elementor-field elementor-size-sm  elementor-field-textual\" placeholder=\"Pa\u00eds\">\n\t\t\t\t\t\t\t\t\t\t\t<\/div>\n\t\t\t\t\t\t\t\t<div class=\"elementor-field-type-text elementor-field-group elementor-column elementor-field-group-field_a4ed041 elementor-col-50 elementor-field-required\">\n\t\t\t\t\t\t\t\t\t\t\t\t<label for=\"form-field-field_a4ed041\" class=\"elementor-field-label elementor-screen-only\">\n\t\t\t\t\t\t\t\tTel\u00e9fono\t\t\t\t\t\t\t<\/label>\n\t\t\t\t\t\t\t\t\t\t\t\t\t\t<input size=\"1\" type=\"text\" name=\"form_fields[field_a4ed041]\" id=\"form-field-field_a4ed041\" class=\"elementor-field elementor-size-sm  elementor-field-textual\" placeholder=\"Tel\u00e9fono\" required=\"required\">\n\t\t\t\t\t\t\t\t\t\t\t<\/div>\n\t\t\t\t\t\t\t\t<div class=\"elementor-field-type-textarea elementor-field-group elementor-column elementor-field-group-message elementor-col-100\">\n\t\t\t\t\t\t\t\t\t\t\t\t<label for=\"form-field-message\" class=\"elementor-field-label elementor-screen-only\">\n\t\t\t\t\t\t\t\tMensaje\t\t\t\t\t\t\t<\/label>\n\t\t\t\t\t\t<textarea class=\"elementor-field-textual elementor-field  elementor-size-sm\" name=\"form_fields[message]\" id=\"form-field-message\" rows=\"6\" placeholder=\"Escriba aqu\u00ed su consulta\"><\/textarea>\t\t\t\t<\/div>\n\t\t\t\t\t\t\t\t<div class=\"elementor-field-group elementor-column elementor-field-type-submit elementor-col-100 e-form__buttons elementor-md-60\">\n\t\t\t\t\t<button class=\"elementor-button elementor-size-md\" type=\"submit\">\n\t\t\t\t\t\t<span class=\"elementor-button-content-wrapper\">\n\t\t\t\t\t\t\t\t\t\t\t\t\t\t\t\t\t\t\t\t\t\t<span class=\"elementor-button-text\">Enviar<\/span>\n\t\t\t\t\t\t\t\t\t\t\t\t\t<\/span>\n\t\t\t\t\t<\/button>\n\t\t\t\t<\/div>\n\t\t\t<\/div>\n\t\t<\/form>\n\t\t\t\t\t\t<\/div>\n\t\t\t\t<\/div>\n\t\t\t\t\t<\/div>\n\t\t<\/div>\n\t\t\t\t\t<\/div>\n\t\t<\/section>\n\t\t\t\t<section class=\"elementor-section elementor-top-section elementor-element elementor-element-5b6576b elementor-section-content-middle elementor-section-boxed elementor-section-height-default elementor-section-height-default\" data-id=\"5b6576b\" data-element_type=\"section\" data-settings=\"{&quot;jet_parallax_layout_list&quot;:[]}\">\n\t\t\t\t\t\t<div class=\"elementor-container elementor-column-gap-default\">\n\t\t\t\t\t<div class=\"elementor-column elementor-col-100 elementor-top-column elementor-element elementor-element-618cec2\" data-id=\"618cec2\" data-element_type=\"column\">\n\t\t\t<div class=\"elementor-widget-wrap elementor-element-populated\">\n\t\t\t\t\t\t<div class=\"elementor-element elementor-element-67be3bc elementor-invisible elementor-widget elementor-widget-heading\" data-id=\"67be3bc\" data-element_type=\"widget\" data-settings=\"{&quot;_animation&quot;:&quot;fadeIn&quot;}\" data-widget_type=\"heading.default\">\n\t\t\t\t<div class=\"elementor-widget-container\">\n\t\t\t\t\t<h2 class=\"elementor-heading-title elementor-size-default\">Ven a vernos\n<\/h2>\t\t\t\t<\/div>\n\t\t\t\t<\/div>\n\t\t\t\t<div class=\"elementor-element elementor-element-1f61eb0 elementor-widget__width-initial elementor-invisible elementor-widget elementor-widget-google_maps\" data-id=\"1f61eb0\" data-element_type=\"widget\" data-settings=\"{&quot;_animation&quot;:&quot;fadeInUp&quot;}\" data-widget_type=\"google_maps.default\">\n\t\t\t\t<div class=\"elementor-widget-container\">\n\t\t\t\t\t\t\t<div class=\"elementor-custom-embed\">\n\t\t\t<iframe loading=\"lazy\"\n\t\t\t\t\tsrc=\"https:\/\/maps.google.com\/maps?q=Av.%20de%20los%20Pinos%2C%209%20murcia&#038;t=m&#038;z=18&#038;output=embed&#038;iwloc=near\"\n\t\t\t\t\ttitle=\"Av. de los Pinos, 9 murcia\"\n\t\t\t\t\taria-label=\"Av. de los Pinos, 9 murcia\"\n\t\t\t><\/iframe>\n\t\t<\/div>\n\t\t\t\t\t\t<\/div>\n\t\t\t\t<\/div>\n\t\t\t\t<div class=\"elementor-element elementor-element-95a9b1e elementor-align-center elementor-widget__width-initial elementor-icon-list--layout-traditional elementor-list-item-link-full_width elementor-widget elementor-widget-icon-list\" data-id=\"95a9b1e\" data-element_type=\"widget\" data-widget_type=\"icon-list.default\">\n\t\t\t\t<div class=\"elementor-widget-container\">\n\t\t\t\t\t\t\t<ul class=\"elementor-icon-list-items\">\n\t\t\t\t\t\t\t<li class=\"elementor-icon-list-item\">\n\t\t\t\t\t\t\t\t\t\t\t<span class=\"elementor-icon-list-icon\">\n\t\t\t\t\t\t\t<i aria-hidden=\"true\" class=\"fas fa-phone\"><\/i>\t\t\t\t\t\t<\/span>\n\t\t\t\t\t\t\t\t\t\t<span class=\"elementor-icon-list-text\">+34 968 25 81 36<\/span>\n\t\t\t\t\t\t\t\t\t<\/li>\n\t\t\t\t\t\t\t\t<li class=\"elementor-icon-list-item\">\n\t\t\t\t\t\t\t\t\t\t\t<span class=\"elementor-icon-list-icon\">\n\t\t\t\t\t\t\t<i aria-hidden=\"true\" class=\"fas fa-phone\"><\/i>\t\t\t\t\t\t<\/span>\n\t\t\t\t\t\t\t\t\t\t<span class=\"elementor-icon-list-text\">+34 699 12 73 83<\/span>\n\t\t\t\t\t\t\t\t\t<\/li>\n\t\t\t\t\t\t<\/ul>\n\t\t\t\t\t\t<\/div>\n\t\t\t\t<\/div>\n\t\t\t\t<div class=\"elementor-element elementor-element-261062a elementor-align-center elementor-widget__width-initial elementor-icon-list--layout-traditional elementor-list-item-link-full_width elementor-widget elementor-widget-icon-list\" data-id=\"261062a\" data-element_type=\"widget\" data-widget_type=\"icon-list.default\">\n\t\t\t\t<div class=\"elementor-widget-container\">\n\t\t\t\t\t\t\t<ul class=\"elementor-icon-list-items\">\n\t\t\t\t\t\t\t<li class=\"elementor-icon-list-item\">\n\t\t\t\t\t\t\t\t\t\t\t<span class=\"elementor-icon-list-icon\">\n\t\t\t\t\t\t\t<i aria-hidden=\"true\" class=\"fas fa-envelope\"><\/i>\t\t\t\t\t\t<\/span>\n\t\t\t\t\t\t\t\t\t\t<span class=\"elementor-icon-list-text\">info@qzurbanfurniture.com<\/span>\n\t\t\t\t\t\t\t\t\t<\/li>\n\t\t\t\t\t\t<\/ul>\n\t\t\t\t\t\t<\/div>\n\t\t\t\t<\/div>\n\t\t\t\t\t<\/div>\n\t\t<\/div>\n\t\t\t\t\t<\/div>\n\t\t<\/section>\n\t\t\t\t<\/div>\n\t\t","protected":false},"excerpt":{"rendered":"<p>Contacta con nosotros En QZ, nos apasiona el dise\u00f1o innovador y funcional que transforma los espacios urbanos en experiencias \u00fanicas. Desde bancos y p\u00e9rgolas, hasta esculturas y elementos decorativos, cada pieza que creamos fusiona arte y funcionalidad para mejorar tu entorno urbano. Estamos aqu\u00ed para ayudarte a llevar tus ideas de la concepci\u00f3n a la [&hellip;]<\/p>\n","protected":false},"author":1,"featured_media":0,"parent":0,"menu_order":0,"comment_status":"closed","ping_status":"closed","template":"","meta":{"footnotes":""},"class_list":["post-1582","page","type-page","status-publish","hentry"],"yoast_head":"<!-- This site is optimized with the Yoast SEO plugin v25.6 - https:\/\/yoast.com\/wordpress\/plugins\/seo\/ -->\n<title>Contacto - QZ Urban Furniture<\/title>\n<meta name=\"description\" content=\"Ponte en contacto con QZ Mobiliario Urbano Ponte en contacto con nosotros para obtener soluciones de dise\u00f1o urbano personalizadas y mobiliario de alta calidad para espacios p\u00fablicos modernos.\" \/>\n<meta name=\"robots\" content=\"index, follow, max-snippet:-1, max-image-preview:large, max-video-preview:-1\" \/>\n<link rel=\"canonical\" href=\"https:\/\/qzurbanfurniture.com\/es\/contacto\/\" \/>\n<meta property=\"og:locale\" content=\"es_ES\" \/>\n<meta property=\"og:type\" content=\"article\" \/>\n<meta property=\"og:title\" content=\"Contacto - QZ Urban Furniture\" \/>\n<meta property=\"og:description\" content=\"Ponte en contacto con QZ Mobiliario Urbano Ponte en contacto con nosotros para obtener soluciones de dise\u00f1o urbano personalizadas y mobiliario de alta calidad para espacios p\u00fablicos modernos.\" \/>\n<meta property=\"og:url\" content=\"https:\/\/qzurbanfurniture.com\/es\/contacto\/\" \/>\n<meta property=\"og:site_name\" content=\"QZ Urban Furniture\" \/>\n<meta property=\"article:modified_time\" content=\"2025-02-11T11:32:40+00:00\" \/>\n<meta name=\"twitter:card\" content=\"summary_large_image\" \/>\n<meta name=\"twitter:label1\" content=\"Tiempo de lectura\" \/>\n\t<meta name=\"twitter:data1\" content=\"1 minuto\" \/>\n<script type=\"application\/ld+json\" class=\"yoast-schema-graph\">{\"@context\":\"https:\/\/schema.org\",\"@graph\":[{\"@type\":\"WebPage\",\"@id\":\"https:\/\/qzurbanfurniture.com\/es\/contacto\/\",\"url\":\"https:\/\/qzurbanfurniture.com\/es\/contacto\/\",\"name\":\"Contacto - QZ Urban Furniture\",\"isPartOf\":{\"@id\":\"https:\/\/qzurbanfurniture.com\/es\/#website\"},\"datePublished\":\"2024-07-23T12:04:27+00:00\",\"dateModified\":\"2025-02-11T11:32:40+00:00\",\"description\":\"Ponte en contacto con QZ Mobiliario Urbano Ponte en contacto con nosotros para obtener soluciones de dise\u00f1o urbano personalizadas y mobiliario de alta calidad para espacios p\u00fablicos modernos.\",\"breadcrumb\":{\"@id\":\"https:\/\/qzurbanfurniture.com\/es\/contacto\/#breadcrumb\"},\"inLanguage\":\"es\",\"potentialAction\":[{\"@type\":\"ReadAction\",\"target\":[\"https:\/\/qzurbanfurniture.com\/es\/contacto\/\"]}]},{\"@type\":\"BreadcrumbList\",\"@id\":\"https:\/\/qzurbanfurniture.com\/es\/contacto\/#breadcrumb\",\"itemListElement\":[{\"@type\":\"ListItem\",\"position\":1,\"name\":\"Home\",\"item\":\"https:\/\/qzurbanfurniture.com\/es\/qz-urban-furniture\/\"},{\"@type\":\"ListItem\",\"position\":2,\"name\":\"Contacto\"}]},{\"@type\":\"WebSite\",\"@id\":\"https:\/\/qzurbanfurniture.com\/es\/#website\",\"url\":\"https:\/\/qzurbanfurniture.com\/es\/\",\"name\":\"QZ Urban Furniture\",\"description\":\"High level design elements\",\"publisher\":{\"@id\":\"https:\/\/qzurbanfurniture.com\/es\/#organization\"},\"potentialAction\":[{\"@type\":\"SearchAction\",\"target\":{\"@type\":\"EntryPoint\",\"urlTemplate\":\"https:\/\/qzurbanfurniture.com\/es\/?s={search_term_string}\"},\"query-input\":{\"@type\":\"PropertyValueSpecification\",\"valueRequired\":true,\"valueName\":\"search_term_string\"}}],\"inLanguage\":\"es\"},{\"@type\":\"Organization\",\"@id\":\"https:\/\/qzurbanfurniture.com\/es\/#organization\",\"name\":\"QZ Urban Furniture\",\"url\":\"https:\/\/qzurbanfurniture.com\/es\/\",\"logo\":{\"@type\":\"ImageObject\",\"inLanguage\":\"es\",\"@id\":\"https:\/\/qzurbanfurniture.com\/es\/#\/schema\/logo\/image\/\",\"url\":\"https:\/\/qzurbanfurniture.com\/wp-content\/uploads\/2024\/07\/Logo-QZ-sin-fondo-en-negro.png\",\"contentUrl\":\"https:\/\/qzurbanfurniture.com\/wp-content\/uploads\/2024\/07\/Logo-QZ-sin-fondo-en-negro.png\",\"width\":425,\"height\":354,\"caption\":\"QZ Urban Furniture\"},\"image\":{\"@id\":\"https:\/\/qzurbanfurniture.com\/es\/#\/schema\/logo\/image\/\"}}]}<\/script>\n<!-- \/ Yoast SEO plugin. -->","yoast_head_json":{"title":"Contacto - QZ Urban Furniture","description":"Ponte en contacto con QZ Mobiliario Urbano Ponte en contacto con nosotros para obtener soluciones de dise\u00f1o urbano personalizadas y mobiliario de alta calidad para espacios p\u00fablicos modernos.","robots":{"index":"index","follow":"follow","max-snippet":"max-snippet:-1","max-image-preview":"max-image-preview:large","max-video-preview":"max-video-preview:-1"},"canonical":"https:\/\/qzurbanfurniture.com\/es\/contacto\/","og_locale":"es_ES","og_type":"article","og_title":"Contacto - QZ Urban Furniture","og_description":"Ponte en contacto con QZ Mobiliario Urbano Ponte en contacto con nosotros para obtener soluciones de dise\u00f1o urbano personalizadas y mobiliario de alta calidad para espacios p\u00fablicos modernos.","og_url":"https:\/\/qzurbanfurniture.com\/es\/contacto\/","og_site_name":"QZ Urban Furniture","article_modified_time":"2025-02-11T11:32:40+00:00","twitter_card":"summary_large_image","twitter_misc":{"Tiempo de lectura":"1 minuto"},"schema":{"@context":"https:\/\/schema.org","@graph":[{"@type":"WebPage","@id":"https:\/\/qzurbanfurniture.com\/es\/contacto\/","url":"https:\/\/qzurbanfurniture.com\/es\/contacto\/","name":"Contacto - QZ Urban Furniture","isPartOf":{"@id":"https:\/\/qzurbanfurniture.com\/es\/#website"},"datePublished":"2024-07-23T12:04:27+00:00","dateModified":"2025-02-11T11:32:40+00:00","description":"Ponte en contacto con QZ Mobiliario Urbano Ponte en contacto con nosotros para obtener soluciones de dise\u00f1o urbano personalizadas y mobiliario de alta calidad para espacios p\u00fablicos modernos.","breadcrumb":{"@id":"https:\/\/qzurbanfurniture.com\/es\/contacto\/#breadcrumb"},"inLanguage":"es","potentialAction":[{"@type":"ReadAction","target":["https:\/\/qzurbanfurniture.com\/es\/contacto\/"]}]},{"@type":"BreadcrumbList","@id":"https:\/\/qzurbanfurniture.com\/es\/contacto\/#breadcrumb","itemListElement":[{"@type":"ListItem","position":1,"name":"Home","item":"https:\/\/qzurbanfurniture.com\/es\/qz-urban-furniture\/"},{"@type":"ListItem","position":2,"name":"Contacto"}]},{"@type":"WebSite","@id":"https:\/\/qzurbanfurniture.com\/es\/#website","url":"https:\/\/qzurbanfurniture.com\/es\/","name":"QZ Urban Furniture","description":"High level design elements","publisher":{"@id":"https:\/\/qzurbanfurniture.com\/es\/#organization"},"potentialAction":[{"@type":"SearchAction","target":{"@type":"EntryPoint","urlTemplate":"https:\/\/qzurbanfurniture.com\/es\/?s={search_term_string}"},"query-input":{"@type":"PropertyValueSpecification","valueRequired":true,"valueName":"search_term_string"}}],"inLanguage":"es"},{"@type":"Organization","@id":"https:\/\/qzurbanfurniture.com\/es\/#organization","name":"QZ Urban Furniture","url":"https:\/\/qzurbanfurniture.com\/es\/","logo":{"@type":"ImageObject","inLanguage":"es","@id":"https:\/\/qzurbanfurniture.com\/es\/#\/schema\/logo\/image\/","url":"https:\/\/qzurbanfurniture.com\/wp-content\/uploads\/2024\/07\/Logo-QZ-sin-fondo-en-negro.png","contentUrl":"https:\/\/qzurbanfurniture.com\/wp-content\/uploads\/2024\/07\/Logo-QZ-sin-fondo-en-negro.png","width":425,"height":354,"caption":"QZ Urban Furniture"},"image":{"@id":"https:\/\/qzurbanfurniture.com\/es\/#\/schema\/logo\/image\/"}}]}},"_links":{"self":[{"href":"https:\/\/qzurbanfurniture.com\/es\/wp-json\/wp\/v2\/pages\/1582"}],"collection":[{"href":"https:\/\/qzurbanfurniture.com\/es\/wp-json\/wp\/v2\/pages"}],"about":[{"href":"https:\/\/qzurbanfurniture.com\/es\/wp-json\/wp\/v2\/types\/page"}],"author":[{"embeddable":true,"href":"https:\/\/qzurbanfurniture.com\/es\/wp-json\/wp\/v2\/users\/1"}],"replies":[{"embeddable":true,"href":"https:\/\/qzurbanfurniture.com\/es\/wp-json\/wp\/v2\/comments?post=1582"}],"version-history":[{"count":2,"href":"https:\/\/qzurbanfurniture.com\/es\/wp-json\/wp\/v2\/pages\/1582\/revisions"}],"predecessor-version":[{"id":1832,"href":"https:\/\/qzurbanfurniture.com\/es\/wp-json\/wp\/v2\/pages\/1582\/revisions\/1832"}],"wp:attachment":[{"href":"https:\/\/qzurbanfurniture.com\/es\/wp-json\/wp\/v2\/media?parent=1582"}],"curies":[{"name":"wp","href":"https:\/\/api.w.org\/{rel}","templated":true}]}}